{"id":73,"date":"2025-06-09T15:44:49","date_gmt":"2025-06-09T15:44:49","guid":{"rendered":"https:\/\/kaiserstein-palace-apartments.ms2.decms.eu\/?page_id=73"},"modified":"2025-10-31T16:40:16","modified_gmt":"2025-10-31T16:40:16","slug":"bedrich-smetana","status":"publish","type":"page","link":"https:\/\/www.kaisersteinpalaceapartments.eu\/fr\/appartements\/bedrich-smetana\/","title":{"rendered":"Bed\u0159ich Smetana"},"content":{"rendered":"<p>Vivez l&rsquo;esprit du patrimoine musical tch\u00e8que dans l&rsquo;Appartement Bed\u0159ich Smetana, un lieu \u00e9l\u00e9gant et paisible inspir\u00e9 par le c\u00e9l\u00e8bre compositeur de <em>M\u00e1 vlast<\/em> et <em>La Fianc\u00e9e vendue<\/em>. Con\u00e7u pour les amateurs de culture, d\u2019art et d\u2019\u00e9l\u00e9gance intemporelle, cet appartement offre un m\u00e9lange harmonieux d\u2019inspiration classique et de confort moderne.<\/p>\n<ul>\n<li>Lit king-size confortable avec draps doux et d\u00e9coration raffin\u00e9e<\/li>\n<li>Int\u00e9rieur sur le th\u00e8me de la musique avec partitions encadr\u00e9es, portraits et instruments anciens<\/li>\n<li>Coin salon chaleureux, id\u00e9al pour lire, se d\u00e9tendre ou \u00e9couter de la musique classique<\/li>\n<li>Salle de bain privative avec carrelage \u00e9l\u00e9gant et douche \u00e0 l\u2019italienne<\/li>\n<li>Kitchenette enti\u00e8rement \u00e9quip\u00e9e avec machine \u00e0 caf\u00e9 et coin repas<\/li>\n<li>Wi-Fi rapide, smart TV et climatisation<\/li>\n<\/ul>\n<p>Des tons apaisants, des touches de bois chaud et des r\u00e9f\u00e9rences subtiles \u00e0 la vie et \u00e0 l\u2019\u0153uvre de Smetana cr\u00e9ent une atmosph\u00e8re de s\u00e9r\u00e9nit\u00e9 et de richesse culturelle. Parfait pour des soir\u00e9es tranquilles, la r\u00e9flexion cr\u00e9ative ou tout simplement pour savourer le rythme de Prague.<\/p>\n<p>Situ\u00e9 au c\u0153ur culturel de Prague, \u00e0 quelques pas du Th\u00e9\u00e2tre National, de la Promenade Smetana, et de la Vltava qui inspira certaines de ses \u0153uvres les plus c\u00e9l\u00e8bres.<\/p>\n<p>&nbsp;<\/p>\n<p>&nbsp;<\/p>\n","protected":false},"excerpt":{"rendered":"<p>Vivez l&rsquo;esprit du patrimoine musical tch\u00e8que dans l&rsquo;Appartement Bed\u0159ich Smetana, un lieu \u00e9l\u00e9gant et paisible inspir\u00e9 par le c\u00e9l\u00e8bre compositeur de M\u00e1 vlast et La Fianc\u00e9e vendue. Con\u00e7u pour les amateurs de culture, d\u2019art et d\u2019\u00e9l\u00e9gance intemporelle, cet appartement offre un m\u00e9lange harmonieux d\u2019inspiration classique et de confort moderne. Lit king-size confortable avec draps doux [&hellip;]<\/p>\n","protected":false},"author":26,"featured_media":0,"parent":278,"menu_order":40,"comment_status":"closed","ping_status":"closed","template":"template-single-room.php","meta":{"footnotes":""},"yoast_head":"<!-- This site is optimized with the Yoast SEO plugin v22.3 - https:\/\/yoast.com\/wordpress\/plugins\/seo\/ -->\n<title>Bed\u0159ich Smetana - Kaiserstein Palace Apartments -<\/title>\n<meta name=\"description\" content=\"Vivez l&#039;esprit du patrimoine musical tch\u00e8que dans l&#039;Appartement Bed\u0159ich Smetana, un lieu \u00e9l\u00e9gant et paisible inspir\u00e9 par le c\u00e9l\u00e8bre compositeur de M\u00e1 vlast et La Fianc\u00e9e vendue. Con\u00e7u pour les amateurs de culture, d\u2019art et d\u2019\u00e9l\u00e9gance intemporelle, cet appartement offre un m\u00e9lange harmonieux d\u2019inspiration classique et de confort moderne.   Lit king-size confortable avec draps doux et d\u00e9coration raffin\u00e9e  Int\u00e9rieur sur le th\u00e8me de la musique avec partitions encadr\u00e9es, portraits et instruments anciens  Coin salon chaleureux, id\u00e9al pour lire, se d\u00e9tendre ou \u00e9couter de la musique classique  Salle de bain privative avec carrelage \u00e9l\u00e9gant et douche \u00e0 l\u2019italienne  Kitchenette enti\u00e8rement \u00e9quip\u00e9e avec machine \u00e0 caf\u00e9 et coin repas  Wi-Fi rapide, smart TV et climatisation  Des tons apaisants, des touches de bois chaud et des r\u00e9f\u00e9rences subtiles \u00e0 la vie et \u00e0 l\u2019\u0153uvre de Smetana cr\u00e9ent une atmosph\u00e8re de s\u00e9r\u00e9nit\u00e9 et de richesse culturelle\" \/>\n<meta name=\"robots\" content=\"index, follow, max-snippet:-1, max-image-preview:large, max-video-preview:-1\" \/>\n<link rel=\"canonical\" href=\"https:\/\/www.kaisersteinpalaceapartments.eu\/fr\/appartements\/bedrich-smetana\/\" \/>\n<meta property=\"og:locale\" content=\"fr_FR\" \/>\n<meta property=\"og:type\" content=\"article\" \/>\n<meta property=\"og:title\" content=\"Bed\u0159ich Smetana - Kaiserstein Palace Apartments -\" \/>\n<meta property=\"og:description\" content=\"Vivez l&#039;esprit du patrimoine musical tch\u00e8que dans l&#039;Appartement Bed\u0159ich Smetana, un lieu \u00e9l\u00e9gant et paisible inspir\u00e9 par le c\u00e9l\u00e8bre compositeur de M\u00e1 vlast et La Fianc\u00e9e vendue. Con\u00e7u pour les amateurs de culture, d\u2019art et d\u2019\u00e9l\u00e9gance intemporelle, cet appartement offre un m\u00e9lange harmonieux d\u2019inspiration classique et de confort moderne.   Lit king-size confortable avec draps doux et d\u00e9coration raffin\u00e9e  Int\u00e9rieur sur le th\u00e8me de la musique avec partitions encadr\u00e9es, portraits et instruments anciens  Coin salon chaleureux, id\u00e9al pour lire, se d\u00e9tendre ou \u00e9couter de la musique classique  Salle de bain privative avec carrelage \u00e9l\u00e9gant et douche \u00e0 l\u2019italienne  Kitchenette enti\u00e8rement \u00e9quip\u00e9e avec machine \u00e0 caf\u00e9 et coin repas  Wi-Fi rapide, smart TV et climatisation  Des tons apaisants, des touches de bois chaud et des r\u00e9f\u00e9rences subtiles \u00e0 la vie et \u00e0 l\u2019\u0153uvre de Smetana cr\u00e9ent une atmosph\u00e8re de s\u00e9r\u00e9nit\u00e9 et de richesse culturelle\" \/>\n<meta property=\"og:url\" content=\"https:\/\/www.kaisersteinpalaceapartments.eu\/fr\/appartements\/bedrich-smetana\/\" \/>\n<meta property=\"og:site_name\" content=\"Kaiserstein Palace Apartments\" \/>\n<meta property=\"article:publisher\" content=\"https:\/\/www.facebook.com\/profile.php?id=61576890616517\" \/>\n<meta property=\"article:modified_time\" content=\"2025-10-31T16:40:16+00:00\" \/>\n<meta property=\"og:image\" content=\"https:\/\/www.kaisersteinpalaceapartments.eu\/wp-content\/uploads\/sites\/256\/2025\/06\/kaiserstein_palace_apartments_slide_01.jpg\" \/>\n\t<meta property=\"og:image:width\" content=\"2200\" \/>\n\t<meta property=\"og:image:height\" content=\"1200\" \/>\n\t<meta property=\"og:image:type\" content=\"image\/jpeg\" \/>\n<meta name=\"twitter:card\" content=\"summary_large_image\" \/>\n<meta name=\"twitter:label1\" content=\"Dur\u00e9e de lecture estim\u00e9e\" \/>\n\t<meta name=\"twitter:data1\" content=\"1 minute\" \/>\n<script type=\"application\/ld+json\" class=\"yoast-schema-graph\">{\"@context\":\"https:\/\/schema.org\",\"@graph\":[{\"@type\":\"WebPage\",\"@id\":\"https:\/\/www.kaisersteinpalaceapartments.eu\/fr\/appartements\/bedrich-smetana\/\",\"url\":\"https:\/\/www.kaisersteinpalaceapartments.eu\/fr\/appartements\/bedrich-smetana\/\",\"name\":\"Bed\u0159ich Smetana - Kaiserstein Palace Apartments -\",\"isPartOf\":{\"@id\":\"https:\/\/www.kaisersteinpalaceapartments.eu\/fr\/#website\"},\"datePublished\":\"2025-06-09T15:44:49+00:00\",\"dateModified\":\"2025-10-31T16:40:16+00:00\",\"description\":\"Vivez l'esprit du patrimoine musical tch\u00e8que dans l'Appartement Bed\u0159ich Smetana, un lieu \u00e9l\u00e9gant et paisible inspir\u00e9 par le c\u00e9l\u00e8bre compositeur de M\u00e1 vlast et La Fianc\u00e9e vendue. Con\u00e7u pour les amateurs de culture, d\u2019art et d\u2019\u00e9l\u00e9gance intemporelle, cet appartement offre un m\u00e9lange harmonieux d\u2019inspiration classique et de confort moderne. \u2022 Lit king-size confortable avec draps doux et d\u00e9coration raffin\u00e9e \u2022 Int\u00e9rieur sur le th\u00e8me de la musique avec partitions encadr\u00e9es, portraits et instruments anciens \u2022 Coin salon chaleureux, id\u00e9al pour lire, se d\u00e9tendre ou \u00e9couter de la musique classique \u2022 Salle de bain privative avec carrelage \u00e9l\u00e9gant et douche \u00e0 l\u2019italienne \u2022 Kitchenette enti\u00e8rement \u00e9quip\u00e9e avec machine \u00e0 caf\u00e9 et coin repas \u2022 Wi-Fi rapide, smart TV et climatisation Des tons apaisants, des touches de bois chaud et des r\u00e9f\u00e9rences subtiles \u00e0 la vie et \u00e0 l\u2019\u0153uvre de Smetana cr\u00e9ent une atmosph\u00e8re de s\u00e9r\u00e9nit\u00e9 et de richesse culturelle\",\"breadcrumb\":{\"@id\":\"https:\/\/www.kaisersteinpalaceapartments.eu\/fr\/appartements\/bedrich-smetana\/#breadcrumb\"},\"inLanguage\":\"fr-FR\",\"potentialAction\":[{\"@type\":\"ReadAction\",\"target\":[\"https:\/\/www.kaisersteinpalaceapartments.eu\/fr\/appartements\/bedrich-smetana\/\"]}]},{\"@type\":\"BreadcrumbList\",\"@id\":\"https:\/\/www.kaisersteinpalaceapartments.eu\/fr\/appartements\/bedrich-smetana\/#breadcrumb\",\"itemListElement\":[{\"@type\":\"ListItem\",\"position\":1,\"name\":\"Home\",\"item\":\"https:\/\/www.kaisersteinpalaceapartments.eu\/fr\/\"},{\"@type\":\"ListItem\",\"position\":2,\"name\":\"Appartements\",\"item\":\"https:\/\/www.kaisersteinpalaceapartments.eu\/fr\/appartements\/\"},{\"@type\":\"ListItem\",\"position\":3,\"name\":\"Bed\u0159ich Smetana\"}]},{\"@type\":\"WebSite\",\"@id\":\"https:\/\/www.kaisersteinpalaceapartments.eu\/fr\/#website\",\"url\":\"https:\/\/www.kaisersteinpalaceapartments.eu\/fr\/\",\"name\":\"Kaiserstein Palace Apartments\",\"description\":\"\",\"publisher\":{\"@id\":\"https:\/\/www.kaisersteinpalaceapartments.eu\/fr\/#organization\"},\"potentialAction\":[{\"@type\":\"SearchAction\",\"target\":{\"@type\":\"EntryPoint\",\"urlTemplate\":\"https:\/\/www.kaisersteinpalaceapartments.eu\/fr\/?s={search_term_string}\"},\"query-input\":\"required name=search_term_string\"}],\"inLanguage\":\"fr-FR\"},{\"@type\":\"Organization\",\"@id\":\"https:\/\/www.kaisersteinpalaceapartments.eu\/fr\/#organization\",\"name\":\"Kaiserstein Palace Apartments\",\"url\":\"https:\/\/www.kaisersteinpalaceapartments.eu\/fr\/\",\"logo\":{\"@type\":\"ImageObject\",\"inLanguage\":\"fr-FR\",\"@id\":\"https:\/\/www.kaisersteinpalaceapartments.eu\/fr\/#\/schema\/logo\/image\/\",\"url\":\"https:\/\/www.kaisersteinpalaceapartments.eu\/wp-content\/uploads\/sites\/256\/2025\/06\/kaiserstein_palace_apartments_c.svg\",\"contentUrl\":\"https:\/\/www.kaisersteinpalaceapartments.eu\/wp-content\/uploads\/sites\/256\/2025\/06\/kaiserstein_palace_apartments_c.svg\",\"width\":798,\"height\":527,\"caption\":\"Kaiserstein Palace Apartments\"},\"image\":{\"@id\":\"https:\/\/www.kaisersteinpalaceapartments.eu\/fr\/#\/schema\/logo\/image\/\"},\"sameAs\":[\"https:\/\/www.facebook.com\/profile.php?id=61576890616517\"]}]}<\/script>\n<!-- \/ Yoast SEO plugin. -->","yoast_head_json":{"title":"Bed\u0159ich Smetana - Kaiserstein Palace Apartments -","description":"Vivez l'esprit du patrimoine musical tch\u00e8que dans l'Appartement Bed\u0159ich Smetana, un lieu \u00e9l\u00e9gant et paisible inspir\u00e9 par le c\u00e9l\u00e8bre compositeur de M\u00e1 vlast et La Fianc\u00e9e vendue. Con\u00e7u pour les amateurs de culture, d\u2019art et d\u2019\u00e9l\u00e9gance intemporelle, cet appartement offre un m\u00e9lange harmonieux d\u2019inspiration classique et de confort moderne.   Lit king-size confortable avec draps doux et d\u00e9coration raffin\u00e9e  Int\u00e9rieur sur le th\u00e8me de la musique avec partitions encadr\u00e9es, portraits et instruments anciens  Coin salon chaleureux, id\u00e9al pour lire, se d\u00e9tendre ou \u00e9couter de la musique classique  Salle de bain privative avec carrelage \u00e9l\u00e9gant et douche \u00e0 l\u2019italienne  Kitchenette enti\u00e8rement \u00e9quip\u00e9e avec machine \u00e0 caf\u00e9 et coin repas  Wi-Fi rapide, smart TV et climatisation  Des tons apaisants, des touches de bois chaud et des r\u00e9f\u00e9rences subtiles \u00e0 la vie et \u00e0 l\u2019\u0153uvre de Smetana cr\u00e9ent une atmosph\u00e8re de s\u00e9r\u00e9nit\u00e9 et de richesse culturelle","robots":{"index":"index","follow":"follow","max-snippet":"max-snippet:-1","max-image-preview":"max-image-preview:large","max-video-preview":"max-video-preview:-1"},"canonical":"https:\/\/www.kaisersteinpalaceapartments.eu\/fr\/appartements\/bedrich-smetana\/","og_locale":"fr_FR","og_type":"article","og_title":"Bed\u0159ich Smetana - Kaiserstein Palace Apartments -","og_description":"Vivez l'esprit du patrimoine musical tch\u00e8que dans l'Appartement Bed\u0159ich Smetana, un lieu \u00e9l\u00e9gant et paisible inspir\u00e9 par le c\u00e9l\u00e8bre compositeur de M\u00e1 vlast et La Fianc\u00e9e vendue. Con\u00e7u pour les amateurs de culture, d\u2019art et d\u2019\u00e9l\u00e9gance intemporelle, cet appartement offre un m\u00e9lange harmonieux d\u2019inspiration classique et de confort moderne.   Lit king-size confortable avec draps doux et d\u00e9coration raffin\u00e9e  Int\u00e9rieur sur le th\u00e8me de la musique avec partitions encadr\u00e9es, portraits et instruments anciens  Coin salon chaleureux, id\u00e9al pour lire, se d\u00e9tendre ou \u00e9couter de la musique classique  Salle de bain privative avec carrelage \u00e9l\u00e9gant et douche \u00e0 l\u2019italienne  Kitchenette enti\u00e8rement \u00e9quip\u00e9e avec machine \u00e0 caf\u00e9 et coin repas  Wi-Fi rapide, smart TV et climatisation  Des tons apaisants, des touches de bois chaud et des r\u00e9f\u00e9rences subtiles \u00e0 la vie et \u00e0 l\u2019\u0153uvre de Smetana cr\u00e9ent une atmosph\u00e8re de s\u00e9r\u00e9nit\u00e9 et de richesse culturelle","og_url":"https:\/\/www.kaisersteinpalaceapartments.eu\/fr\/appartements\/bedrich-smetana\/","og_site_name":"Kaiserstein Palace Apartments","article_publisher":"https:\/\/www.facebook.com\/profile.php?id=61576890616517","article_modified_time":"2025-10-31T16:40:16+00:00","og_image":[{"width":2200,"height":1200,"url":"https:\/\/www.kaisersteinpalaceapartments.eu\/wp-content\/uploads\/sites\/256\/2025\/06\/kaiserstein_palace_apartments_slide_01.jpg","type":"image\/jpeg"}],"twitter_card":"summary_large_image","twitter_misc":{"Dur\u00e9e de lecture estim\u00e9e":"1 minute"},"schema":{"@context":"https:\/\/schema.org","@graph":[{"@type":"WebPage","@id":"https:\/\/www.kaisersteinpalaceapartments.eu\/fr\/appartements\/bedrich-smetana\/","url":"https:\/\/www.kaisersteinpalaceapartments.eu\/fr\/appartements\/bedrich-smetana\/","name":"Bed\u0159ich Smetana - Kaiserstein Palace Apartments -","isPartOf":{"@id":"https:\/\/www.kaisersteinpalaceapartments.eu\/fr\/#website"},"datePublished":"2025-06-09T15:44:49+00:00","dateModified":"2025-10-31T16:40:16+00:00","description":"Vivez l'esprit du patrimoine musical tch\u00e8que dans l'Appartement Bed\u0159ich Smetana, un lieu \u00e9l\u00e9gant et paisible inspir\u00e9 par le c\u00e9l\u00e8bre compositeur de M\u00e1 vlast et La Fianc\u00e9e vendue. Con\u00e7u pour les amateurs de culture, d\u2019art et d\u2019\u00e9l\u00e9gance intemporelle, cet appartement offre un m\u00e9lange harmonieux d\u2019inspiration classique et de confort moderne. \u2022 Lit king-size confortable avec draps doux et d\u00e9coration raffin\u00e9e \u2022 Int\u00e9rieur sur le th\u00e8me de la musique avec partitions encadr\u00e9es, portraits et instruments anciens \u2022 Coin salon chaleureux, id\u00e9al pour lire, se d\u00e9tendre ou \u00e9couter de la musique classique \u2022 Salle de bain privative avec carrelage \u00e9l\u00e9gant et douche \u00e0 l\u2019italienne \u2022 Kitchenette enti\u00e8rement \u00e9quip\u00e9e avec machine \u00e0 caf\u00e9 et coin repas \u2022 Wi-Fi rapide, smart TV et climatisation Des tons apaisants, des touches de bois chaud et des r\u00e9f\u00e9rences subtiles \u00e0 la vie et \u00e0 l\u2019\u0153uvre de Smetana cr\u00e9ent une atmosph\u00e8re de s\u00e9r\u00e9nit\u00e9 et de richesse culturelle","breadcrumb":{"@id":"https:\/\/www.kaisersteinpalaceapartments.eu\/fr\/appartements\/bedrich-smetana\/#breadcrumb"},"inLanguage":"fr-FR","potentialAction":[{"@type":"ReadAction","target":["https:\/\/www.kaisersteinpalaceapartments.eu\/fr\/appartements\/bedrich-smetana\/"]}]},{"@type":"BreadcrumbList","@id":"https:\/\/www.kaisersteinpalaceapartments.eu\/fr\/appartements\/bedrich-smetana\/#breadcrumb","itemListElement":[{"@type":"ListItem","position":1,"name":"Home","item":"https:\/\/www.kaisersteinpalaceapartments.eu\/fr\/"},{"@type":"ListItem","position":2,"name":"Appartements","item":"https:\/\/www.kaisersteinpalaceapartments.eu\/fr\/appartements\/"},{"@type":"ListItem","position":3,"name":"Bed\u0159ich Smetana"}]},{"@type":"WebSite","@id":"https:\/\/www.kaisersteinpalaceapartments.eu\/fr\/#website","url":"https:\/\/www.kaisersteinpalaceapartments.eu\/fr\/","name":"Kaiserstein Palace Apartments","description":"","publisher":{"@id":"https:\/\/www.kaisersteinpalaceapartments.eu\/fr\/#organization"},"potentialAction":[{"@type":"SearchAction","target":{"@type":"EntryPoint","urlTemplate":"https:\/\/www.kaisersteinpalaceapartments.eu\/fr\/?s={search_term_string}"},"query-input":"required name=search_term_string"}],"inLanguage":"fr-FR"},{"@type":"Organization","@id":"https:\/\/www.kaisersteinpalaceapartments.eu\/fr\/#organization","name":"Kaiserstein Palace Apartments","url":"https:\/\/www.kaisersteinpalaceapartments.eu\/fr\/","logo":{"@type":"ImageObject","inLanguage":"fr-FR","@id":"https:\/\/www.kaisersteinpalaceapartments.eu\/fr\/#\/schema\/logo\/image\/","url":"https:\/\/www.kaisersteinpalaceapartments.eu\/wp-content\/uploads\/sites\/256\/2025\/06\/kaiserstein_palace_apartments_c.svg","contentUrl":"https:\/\/www.kaisersteinpalaceapartments.eu\/wp-content\/uploads\/sites\/256\/2025\/06\/kaiserstein_palace_apartments_c.svg","width":798,"height":527,"caption":"Kaiserstein Palace Apartments"},"image":{"@id":"https:\/\/www.kaisersteinpalaceapartments.eu\/fr\/#\/schema\/logo\/image\/"},"sameAs":["https:\/\/www.facebook.com\/profile.php?id=61576890616517"]}]}},"acf":[],"_links":{"self":[{"href":"https:\/\/www.kaisersteinpalaceapartments.eu\/fr\/wp-json\/wp\/v2\/pages\/73"}],"collection":[{"href":"https:\/\/www.kaisersteinpalaceapartments.eu\/fr\/wp-json\/wp\/v2\/pages"}],"about":[{"href":"https:\/\/www.kaisersteinpalaceapartments.eu\/fr\/wp-json\/wp\/v2\/types\/page"}],"author":[{"embeddable":true,"href":"https:\/\/www.kaisersteinpalaceapartments.eu\/fr\/wp-json\/wp\/v2\/users\/26"}],"replies":[{"embeddable":true,"href":"https:\/\/www.kaisersteinpalaceapartments.eu\/fr\/wp-json\/wp\/v2\/comments?post=73"}],"version-history":[{"count":0,"href":"https:\/\/www.kaisersteinpalaceapartments.eu\/fr\/wp-json\/wp\/v2\/pages\/73\/revisions"}],"up":[{"embeddable":true,"href":"https:\/\/www.kaisersteinpalaceapartments.eu\/fr\/wp-json\/wp\/v2\/pages\/278"}],"wp:attachment":[{"href":"https:\/\/www.kaisersteinpalaceapartments.eu\/fr\/wp-json\/wp\/v2\/media?parent=73"}],"curies":[{"name":"wp","href":"https:\/\/api.w.org\/{rel}","templated":true}]}}